{"id":490,"date":"2023-11-13T08:47:39","date_gmt":"2023-11-13T07:47:39","guid":{"rendered":"https:\/\/vicentecontador.com\/biography\/"},"modified":"2024-01-24T07:14:41","modified_gmt":"2024-01-24T06:14:41","slug":"biography","status":"publish","type":"page","link":"https:\/\/vicentecontador.com\/en\/biography\/","title":{"rendered":"Biography"},"content":{"rendered":"\t\t<div data-elementor-type=\"wp-page\" data-elementor-id=\"490\" class=\"elementor elementor-490 elementor-278\" data-elementor-post-type=\"page\">\n\t\t\t\t<div class=\"elementor-element elementor-element-073a26b e-con-full e-flex e-con e-parent\" data-id=\"073a26b\" data-element_type=\"container\" data-e-type=\"container\" data-settings=\"{&quot;background_background&quot;:&quot;classic&quot;}\">\n\t\t\t\t<div class=\"elementor-element elementor-element-7fce01f elementor-widget elementor-widget-heading\" data-id=\"7fce01f\" data-element_type=\"widget\" data-e-type=\"widget\" data-widget_type=\"heading.default\">\n\t\t\t\t<div class=\"elementor-widget-container\">\n\t\t\t\t\t<h2 class=\"elementor-heading-title elementor-size-default\">Biography<\/h2>\t\t\t\t<\/div>\n\t\t\t\t<\/div>\n\t\t\t\t<div class=\"elementor-element elementor-element-922c2e3 elementor-widget__width-initial elementor-widget-mobile__width-inherit elementor-widget elementor-widget-text-editor\" data-id=\"922c2e3\" data-element_type=\"widget\" data-e-type=\"widget\" data-widget_type=\"text-editor.default\">\n\t\t\t\t<div class=\"elementor-widget-container\">\n\t\t\t\t\t\t\t\t\tVicente Contador: A Multifaceted Saxophonist at the Forefront of Contemporary Music\t\t\t\t\t\t\t\t<\/div>\n\t\t\t\t<\/div>\n\t\t\t\t<\/div>\n\t\t<div class=\"elementor-element elementor-element-b94f02b e-con-full e-flex e-con e-parent\" data-id=\"b94f02b\" data-element_type=\"container\" data-e-type=\"container\">\n\t\t<div class=\"elementor-element elementor-element-af119a7 e-con-full e-flex e-con e-child\" data-id=\"af119a7\" data-element_type=\"container\" data-e-type=\"container\">\n\t\t\t\t<div class=\"elementor-element elementor-element-5e5ed8d elementor-widget__width-auto elementor-widget elementor-widget-image\" data-id=\"5e5ed8d\" data-element_type=\"widget\" data-e-type=\"widget\" data-widget_type=\"image.default\">\n\t\t\t\t<div class=\"elementor-widget-container\">\n\t\t\t\t\t\t\t\t\t\t\t\t\t\t\t<img fetchpriority=\"high\" decoding=\"async\" width=\"762\" height=\"1024\" src=\"data:image\/gif;base64,R0lGODlhAQABAIAAAAAAAP\/\/\/yH5BAEAAAAALAAAAAABAAEAAAIBRAA7\" data-src=\"https:\/\/vicentecontador.com\/wp-content\/uploads\/2023\/11\/vicente-6-saxo-762x1024.webp\" class=\"attachment-large size-large wp-image-469 lazyload\" alt=\"\" data-srcset=\"https:\/\/vicentecontador.com\/wp-content\/uploads\/2023\/11\/vicente-6-saxo-762x1024.webp 762w, https:\/\/vicentecontador.com\/wp-content\/uploads\/2023\/11\/vicente-6-saxo-223x300.webp 223w, https:\/\/vicentecontador.com\/wp-content\/uploads\/2023\/11\/vicente-6-saxo-768x1032.webp 768w, https:\/\/vicentecontador.com\/wp-content\/uploads\/2023\/11\/vicente-6-saxo-1143x1536.webp 1143w, https:\/\/vicentecontador.com\/wp-content\/uploads\/2023\/11\/vicente-6-saxo.webp 1200w\" sizes=\"(max-width: 762px) 100vw, 762px\" \/><noscript><img decoding=\"async\" width=\"762\" height=\"1024\" src=\"https:\/\/vicentecontador.com\/wp-content\/uploads\/2023\/11\/vicente-6-saxo-762x1024.webp\" class=\"attachment-large size-large wp-image-469 lazyload\" alt=\"\" srcset=\"https:\/\/vicentecontador.com\/wp-content\/uploads\/2023\/11\/vicente-6-saxo-762x1024.webp 762w, https:\/\/vicentecontador.com\/wp-content\/uploads\/2023\/11\/vicente-6-saxo-223x300.webp 223w, https:\/\/vicentecontador.com\/wp-content\/uploads\/2023\/11\/vicente-6-saxo-768x1032.webp 768w, https:\/\/vicentecontador.com\/wp-content\/uploads\/2023\/11\/vicente-6-saxo-1143x1536.webp 1143w, https:\/\/vicentecontador.com\/wp-content\/uploads\/2023\/11\/vicente-6-saxo.webp 1200w\" sizes=\"(max-width: 762px) 100vw, 762px\" \/><\/noscript>\t\t\t\t\t\t\t\t\t\t\t\t\t\t\t<\/div>\n\t\t\t\t<\/div>\n\t\t\t\t<\/div>\n\t\t<div class=\"elementor-element elementor-element-151c560 e-con-full e-flex e-con e-child\" data-id=\"151c560\" data-element_type=\"container\" data-e-type=\"container\">\n\t\t\t\t<div class=\"elementor-element elementor-element-3b0a903 elementor-widget elementor-widget-heading\" data-id=\"3b0a903\" data-element_type=\"widget\" data-e-type=\"widget\" data-widget_type=\"heading.default\">\n\t\t\t\t<div class=\"elementor-widget-container\">\n\t\t\t\t\t<h2 class=\"elementor-heading-title elementor-size-default\">Artistic Career<\/h2>\t\t\t\t<\/div>\n\t\t\t\t<\/div>\n\t\t\t\t<div class=\"elementor-element elementor-element-523326e elementor-widget__width-initial elementor-widget elementor-widget-text-editor\" data-id=\"523326e\" data-element_type=\"widget\" data-e-type=\"widget\" data-widget_type=\"text-editor.default\">\n\t\t\t\t<div class=\"elementor-widget-container\">\n\t\t\t\t\t\t\t\t\t<p>Vicente Contador stands out as a versatile saxophonist, intimately linked to the interpretative currents of contemporary music. His impressive career has been characterized by close collaboration with renowned composers, participating in more than thirty world premieres. Among these composers are outstanding names such as P\u00e9rez Ribes, Gordillo, Santiago, De la Pe\u00f1a, Jacinto, Sprintz, Asmus, Yeznikian, Soli\u00e8, Navarro, Terr\u00f3n, Font\u00e1n, De la Rubia, Mu\u00f1oz, Samano, D\u00edaz Jerez, among others.<\/p>\n\t\t\t\t\t\t\t\t<\/div>\n\t\t\t\t<\/div>\n\t\t\t\t<\/div>\n\t\t\t\t<\/div>\n\t\t<div class=\"elementor-element elementor-element-ec23696 e-con-full e-flex e-con e-parent\" data-id=\"ec23696\" data-element_type=\"container\" data-e-type=\"container\">\n\t\t<div class=\"elementor-element elementor-element-405993e e-con-full e-flex e-con e-child\" data-id=\"405993e\" data-element_type=\"container\" data-e-type=\"container\">\n\t\t\t\t<div class=\"elementor-element elementor-element-c17cbf4 elementor-widget elementor-widget-heading\" data-id=\"c17cbf4\" data-element_type=\"widget\" data-e-type=\"widget\" data-widget_type=\"heading.default\">\n\t\t\t\t<div class=\"elementor-widget-container\">\n\t\t\t\t\t<h2 class=\"elementor-heading-title elementor-size-default\">Training and Recognition<\/h2>\t\t\t\t<\/div>\n\t\t\t\t<\/div>\n\t\t\t\t<div class=\"elementor-element elementor-element-7a38ace elementor-widget__width-initial elementor-widget elementor-widget-text-editor\" data-id=\"7a38ace\" data-element_type=\"widget\" data-e-type=\"widget\" data-widget_type=\"text-editor.default\">\n\t\t\t\t<div class=\"elementor-widget-container\">\n\t\t\t\t\t\t\t\t\t<p>Vicente Contador&#8217;s solid academic background is a fundamental pillar of his career. Graduated with the highest qualifications as Professor of Saxophone at the Conservatory of Music in Badajoz, Spain, he stood out from his first steps. His commitment to excellence led him to pursue doctoral studies at the University of Extremadura, where he<span class=\"s1\">defended his doctoral thesis in 2012, obtaining the qualification of Excellent Cum Laude for his research on the saxophone<\/span>.<\/p>\n\t\t\t\t\t\t\t\t<\/div>\n\t\t\t\t<\/div>\n\t\t\t\t<\/div>\n\t\t<div class=\"elementor-element elementor-element-a15c9c1 e-con-full e-flex e-con e-child\" data-id=\"a15c9c1\" data-element_type=\"container\" data-e-type=\"container\">\n\t\t\t\t<div class=\"elementor-element elementor-element-1f209e1 elementor-widget elementor-widget-image\" data-id=\"1f209e1\" data-element_type=\"widget\" data-e-type=\"widget\" data-widget_type=\"image.default\">\n\t\t\t\t<div class=\"elementor-widget-container\">\n\t\t\t\t\t\t\t\t\t\t\t\t\t\t\t<img decoding=\"async\" width=\"811\" height=\"542\" src=\"data:image\/gif;base64,R0lGODlhAQABAIAAAAAAAP\/\/\/yH5BAEAAAAALAAAAAABAAEAAAIBRAA7\" data-src=\"https:\/\/vicentecontador.com\/wp-content\/uploads\/2023\/11\/vicen-form-1.webp\" class=\"attachment-full size-full wp-image-470 lazyload\" alt=\"\" data-srcset=\"https:\/\/vicentecontador.com\/wp-content\/uploads\/2023\/11\/vicen-form-1.webp 811w, https:\/\/vicentecontador.com\/wp-content\/uploads\/2023\/11\/vicen-form-1-300x200.webp 300w, https:\/\/vicentecontador.com\/wp-content\/uploads\/2023\/11\/vicen-form-1-768x513.webp 768w\" sizes=\"(max-width: 811px) 100vw, 811px\" \/><noscript><img loading=\"lazy\" decoding=\"async\" width=\"811\" height=\"542\" src=\"https:\/\/vicentecontador.com\/wp-content\/uploads\/2023\/11\/vicen-form-1.webp\" class=\"attachment-full size-full wp-image-470 lazyload\" alt=\"\" srcset=\"https:\/\/vicentecontador.com\/wp-content\/uploads\/2023\/11\/vicen-form-1.webp 811w, https:\/\/vicentecontador.com\/wp-content\/uploads\/2023\/11\/vicen-form-1-300x200.webp 300w, https:\/\/vicentecontador.com\/wp-content\/uploads\/2023\/11\/vicen-form-1-768x513.webp 768w\" sizes=\"(max-width: 811px) 100vw, 811px\" \/><\/noscript>\t\t\t\t\t\t\t\t\t\t\t\t\t\t\t<\/div>\n\t\t\t\t<\/div>\n\t\t\t\t<\/div>\n\t\t\t\t<\/div>\n\t\t<div class=\"elementor-element elementor-element-705f845 e-con-full e-flex e-con e-parent\" data-id=\"705f845\" data-element_type=\"container\" data-e-type=\"container\" data-settings=\"{&quot;background_background&quot;:&quot;classic&quot;}\">\n\t\t<div class=\"elementor-element elementor-element-5319e79 e-con-full e-flex e-con e-child\" data-id=\"5319e79\" data-element_type=\"container\" data-e-type=\"container\">\n\t\t\t\t<div class=\"elementor-element elementor-element-a855a5f elementor-widget elementor-widget-heading\" data-id=\"a855a5f\" data-element_type=\"widget\" data-e-type=\"widget\" data-widget_type=\"heading.default\">\n\t\t\t\t<div class=\"elementor-widget-container\">\n\t\t\t\t\t<h2 class=\"elementor-heading-title elementor-size-default\">International Collaborations and Awards<\/h2>\t\t\t\t<\/div>\n\t\t\t\t<\/div>\n\t\t\t\t<div class=\"elementor-element elementor-element-ff25dfe elementor-widget-widescreen__width-initial elementor-widget elementor-widget-text-editor\" data-id=\"ff25dfe\" data-element_type=\"widget\" data-e-type=\"widget\" data-widget_type=\"text-editor.default\">\n\t\t\t\t<div class=\"elementor-widget-container\">\n\t\t\t\t\t\t\t\t\t<p>Vicente Contador has enriched his art by collaborating with some of today&#8217;s most outstanding musicians. His presence on international stages includes collaborations with Sleswig-Holstein Symphonic Orchestra, Orquesta Sinf\u00f3nica de Castilla y Le\u00f3n, Orquesta de Extremadura, Ensemble XX-XXI, Cuarteto Saxioma, Saxtrem Saxophone Quartet, Iberian Big Band, Extremadura Film Orchestra, Ensemble Teatro del Arte Sonoro, and many other soloists and ensembles.<\/p>\n\t\t\t\t\t\t\t\t<\/div>\n\t\t\t\t<\/div>\n\t\t\t\t<\/div>\n\t\t\t\t<\/div>\n\t\t<div class=\"elementor-element elementor-element-70a0086 e-con-full e-flex e-con e-parent\" data-id=\"70a0086\" data-element_type=\"container\" data-e-type=\"container\" data-settings=\"{&quot;background_background&quot;:&quot;classic&quot;}\">\n\t\t<div class=\"elementor-element elementor-element-13b5d05 e-con-full e-flex e-con e-child\" data-id=\"13b5d05\" data-element_type=\"container\" data-e-type=\"container\">\n\t\t\t\t<div class=\"elementor-element elementor-element-5030aef elementor-widget elementor-widget-heading\" data-id=\"5030aef\" data-element_type=\"widget\" data-e-type=\"widget\" data-widget_type=\"heading.default\">\n\t\t\t\t<div class=\"elementor-widget-container\">\n\t\t\t\t\t<h2 class=\"elementor-heading-title elementor-size-default\">Teaching and Pedagogical Commitment<\/h2>\t\t\t\t<\/div>\n\t\t\t\t<\/div>\n\t\t\t\t<div class=\"elementor-element elementor-element-04a8248 elementor-widget elementor-widget-text-editor\" data-id=\"04a8248\" data-element_type=\"widget\" data-e-type=\"widget\" data-widget_type=\"text-editor.default\">\n\t\t\t\t<div class=\"elementor-widget-container\">\n\t\t\t\t\t\t\t\t\t<p>Since 2000, Vicente Contador plays a fundamental role as Professor of Saxophone at the Conservatorio Superior de M\u00fasica de Badajoz, being also artistic director of the Saxophone Ensemble of the CSMB. His pedagogical work extends to the Escuela Superior de M\u00fasica Forum Musikae in Madrid, Spain, where he shares his knowledge with new talents. Since 2020, his prestige as an artist and ambassador for Selmer-Paris is a testament to his excellence in the world of the saxophone.<\/p>\n\t\t\t\t\t\t\t\t<\/div>\n\t\t\t\t<\/div>\n\t\t\t\t<div class=\"elementor-element elementor-element-15a59c2 elementor-widget elementor-widget-button\" data-id=\"15a59c2\" data-element_type=\"widget\" data-e-type=\"widget\" data-widget_type=\"button.default\">\n\t\t\t\t<div class=\"elementor-widget-container\">\n\t\t\t\t\t\t\t\t\t<div class=\"elementor-button-wrapper\">\n\t\t\t\t\t<a class=\"elementor-button elementor-button-link elementor-size-sm\" href=\"https:\/\/vicentecontador.com\/#didactica\">\n\t\t\t\t\t\t<span class=\"elementor-button-content-wrapper\">\n\t\t\t\t\t\t\t\t\t<span class=\"elementor-button-text\">Didactics<\/span>\n\t\t\t\t\t<\/span>\n\t\t\t\t\t<\/a>\n\t\t\t\t<\/div>\n\t\t\t\t\t\t\t\t<\/div>\n\t\t\t\t<\/div>\n\t\t\t\t<\/div>\n\t\t<div class=\"elementor-element elementor-element-218dcaf e-con-full e-flex e-con e-child\" data-id=\"218dcaf\" data-element_type=\"container\" data-e-type=\"container\">\n\t\t\t\t<div class=\"elementor-element elementor-element-8c0b862 elementor-widget elementor-widget-image\" data-id=\"8c0b862\" data-element_type=\"widget\" data-e-type=\"widget\" data-widget_type=\"image.default\">\n\t\t\t\t<div class=\"elementor-widget-container\">\n\t\t\t\t\t\t\t\t\t\t\t\t\t\t\t<img loading=\"lazy\" decoding=\"async\" width=\"956\" height=\"638\" src=\"data:image\/gif;base64,R0lGODlhAQABAIAAAAAAAP\/\/\/yH5BAEAAAAALAAAAAABAAEAAAIBRAA7\" data-src=\"https:\/\/vicentecontador.com\/wp-content\/uploads\/2023\/11\/Vicente-bio-8.webp\" class=\"attachment-full size-full wp-image-472 lazyload\" alt=\"\" data-srcset=\"https:\/\/vicentecontador.com\/wp-content\/uploads\/2023\/11\/Vicente-bio-8.webp 956w, https:\/\/vicentecontador.com\/wp-content\/uploads\/2023\/11\/Vicente-bio-8-300x200.webp 300w, https:\/\/vicentecontador.com\/wp-content\/uploads\/2023\/11\/Vicente-bio-8-768x513.webp 768w\" sizes=\"(max-width: 956px) 100vw, 956px\" \/><noscript><img loading=\"lazy\" decoding=\"async\" width=\"956\" height=\"638\" src=\"https:\/\/vicentecontador.com\/wp-content\/uploads\/2023\/11\/Vicente-bio-8.webp\" class=\"attachment-full size-full wp-image-472 lazyload\" alt=\"\" srcset=\"https:\/\/vicentecontador.com\/wp-content\/uploads\/2023\/11\/Vicente-bio-8.webp 956w, https:\/\/vicentecontador.com\/wp-content\/uploads\/2023\/11\/Vicente-bio-8-300x200.webp 300w, https:\/\/vicentecontador.com\/wp-content\/uploads\/2023\/11\/Vicente-bio-8-768x513.webp 768w\" sizes=\"(max-width: 956px) 100vw, 956px\" \/><\/noscript>\t\t\t\t\t\t\t\t\t\t\t\t\t\t\t<\/div>\n\t\t\t\t<\/div>\n\t\t\t\t<\/div>\n\t\t\t\t<\/div>\n\t\t\t\t<\/div>\n\t\t","protected":false},"excerpt":{"rendered":"","protected":false},"author":1,"featured_media":0,"parent":0,"menu_order":0,"comment_status":"closed","ping_status":"closed","template":"","meta":{"footnotes":""},"class_list":["post-490","page","type-page","status-publish","hentry"],"acf":[],"yoast_head":"<!-- This site is optimized with the Yoast SEO plugin v27.4 - https:\/\/yoast.com\/product\/yoast-seo-wordpress\/ -->\n<title>Biography - Vicente Contador<\/title>\n<meta name=\"robots\" content=\"index, follow, max-snippet:-1, max-image-preview:large, max-video-preview:-1\" \/>\n<link rel=\"canonical\" href=\"https:\/\/vicentecontador.com\/en\/biography\/\" \/>\n<meta property=\"og:locale\" content=\"en_US\" \/>\n<meta property=\"og:type\" content=\"article\" \/>\n<meta property=\"og:title\" content=\"Biography - Vicente Contador\" \/>\n<meta property=\"og:url\" content=\"https:\/\/vicentecontador.com\/en\/biography\/\" \/>\n<meta property=\"og:site_name\" content=\"Vicente Contador\" \/>\n<meta property=\"article:modified_time\" content=\"2024-01-24T06:14:41+00:00\" \/>\n<meta property=\"og:image\" content=\"https:\/\/vicentecontador.com\/wp-content\/uploads\/2023\/11\/vicente-6-saxo-762x1024.webp\" \/>\n<meta name=\"twitter:card\" content=\"summary_large_image\" \/>\n<script type=\"application\/ld+json\" class=\"yoast-schema-graph\">{\"@context\":\"https:\\\/\\\/schema.org\",\"@graph\":[{\"@type\":\"WebPage\",\"@id\":\"https:\\\/\\\/vicentecontador.com\\\/en\\\/biography\\\/\",\"url\":\"https:\\\/\\\/vicentecontador.com\\\/en\\\/biography\\\/\",\"name\":\"Biography - Vicente Contador\",\"isPartOf\":{\"@id\":\"https:\\\/\\\/vicentecontador.com\\\/en\\\/#website\"},\"primaryImageOfPage\":{\"@id\":\"https:\\\/\\\/vicentecontador.com\\\/en\\\/biography\\\/#primaryimage\"},\"image\":{\"@id\":\"https:\\\/\\\/vicentecontador.com\\\/en\\\/biography\\\/#primaryimage\"},\"thumbnailUrl\":\"https:\\\/\\\/vicentecontador.com\\\/wp-content\\\/uploads\\\/2023\\\/11\\\/vicente-6-saxo-762x1024.webp\",\"datePublished\":\"2023-11-13T07:47:39+00:00\",\"dateModified\":\"2024-01-24T06:14:41+00:00\",\"breadcrumb\":{\"@id\":\"https:\\\/\\\/vicentecontador.com\\\/en\\\/biography\\\/#breadcrumb\"},\"inLanguage\":\"en-US\",\"potentialAction\":[{\"@type\":\"ReadAction\",\"target\":[\"https:\\\/\\\/vicentecontador.com\\\/en\\\/biography\\\/\"]}]},{\"@type\":\"ImageObject\",\"inLanguage\":\"en-US\",\"@id\":\"https:\\\/\\\/vicentecontador.com\\\/en\\\/biography\\\/#primaryimage\",\"url\":\"https:\\\/\\\/vicentecontador.com\\\/wp-content\\\/uploads\\\/2023\\\/11\\\/vicente-6-saxo-762x1024.webp\",\"contentUrl\":\"https:\\\/\\\/vicentecontador.com\\\/wp-content\\\/uploads\\\/2023\\\/11\\\/vicente-6-saxo-762x1024.webp\"},{\"@type\":\"BreadcrumbList\",\"@id\":\"https:\\\/\\\/vicentecontador.com\\\/en\\\/biography\\\/#breadcrumb\",\"itemListElement\":[{\"@type\":\"ListItem\",\"position\":1,\"name\":\"Portada\",\"item\":\"https:\\\/\\\/vicentecontador.com\\\/en\\\/\"},{\"@type\":\"ListItem\",\"position\":2,\"name\":\"Biography\"}]},{\"@type\":\"WebSite\",\"@id\":\"https:\\\/\\\/vicentecontador.com\\\/en\\\/#website\",\"url\":\"https:\\\/\\\/vicentecontador.com\\\/en\\\/\",\"name\":\"Vicente Contador\",\"description\":\"\",\"publisher\":{\"@id\":\"https:\\\/\\\/vicentecontador.com\\\/en\\\/#\\\/schema\\\/person\\\/55ffa48a549f17b79b9efcced6ede051\"},\"potentialAction\":[{\"@type\":\"SearchAction\",\"target\":{\"@type\":\"EntryPoint\",\"urlTemplate\":\"https:\\\/\\\/vicentecontador.com\\\/en\\\/?s={search_term_string}\"},\"query-input\":{\"@type\":\"PropertyValueSpecification\",\"valueRequired\":true,\"valueName\":\"search_term_string\"}}],\"inLanguage\":\"en-US\"},{\"@type\":[\"Person\",\"Organization\"],\"@id\":\"https:\\\/\\\/vicentecontador.com\\\/en\\\/#\\\/schema\\\/person\\\/55ffa48a549f17b79b9efcced6ede051\",\"name\":\"Vicente Contador\",\"image\":{\"@type\":\"ImageObject\",\"inLanguage\":\"en-US\",\"@id\":\"https:\\\/\\\/vicentecontador.com\\\/wp-content\\\/uploads\\\/2023\\\/11\\\/logo-negativo-copia.svg\",\"url\":\"https:\\\/\\\/vicentecontador.com\\\/wp-content\\\/uploads\\\/2023\\\/11\\\/logo-negativo-copia.svg\",\"contentUrl\":\"https:\\\/\\\/vicentecontador.com\\\/wp-content\\\/uploads\\\/2023\\\/11\\\/logo-negativo-copia.svg\",\"width\":137,\"height\":87,\"caption\":\"Vicente Contador\"},\"logo\":{\"@id\":\"https:\\\/\\\/vicentecontador.com\\\/wp-content\\\/uploads\\\/2023\\\/11\\\/logo-negativo-copia.svg\"},\"sameAs\":[\"https:\\\/\\\/vicentecontador.com\\\/\"]}]}<\/script>\n<!-- \/ Yoast SEO plugin. -->","yoast_head_json":{"title":"Biography - Vicente Contador","robots":{"index":"index","follow":"follow","max-snippet":"max-snippet:-1","max-image-preview":"max-image-preview:large","max-video-preview":"max-video-preview:-1"},"canonical":"https:\/\/vicentecontador.com\/en\/biography\/","og_locale":"en_US","og_type":"article","og_title":"Biography - Vicente Contador","og_url":"https:\/\/vicentecontador.com\/en\/biography\/","og_site_name":"Vicente Contador","article_modified_time":"2024-01-24T06:14:41+00:00","og_image":[{"url":"https:\/\/vicentecontador.com\/wp-content\/uploads\/2023\/11\/vicente-6-saxo-762x1024.webp","type":"","width":"","height":""}],"twitter_card":"summary_large_image","schema":{"@context":"https:\/\/schema.org","@graph":[{"@type":"WebPage","@id":"https:\/\/vicentecontador.com\/en\/biography\/","url":"https:\/\/vicentecontador.com\/en\/biography\/","name":"Biography - Vicente Contador","isPartOf":{"@id":"https:\/\/vicentecontador.com\/en\/#website"},"primaryImageOfPage":{"@id":"https:\/\/vicentecontador.com\/en\/biography\/#primaryimage"},"image":{"@id":"https:\/\/vicentecontador.com\/en\/biography\/#primaryimage"},"thumbnailUrl":"https:\/\/vicentecontador.com\/wp-content\/uploads\/2023\/11\/vicente-6-saxo-762x1024.webp","datePublished":"2023-11-13T07:47:39+00:00","dateModified":"2024-01-24T06:14:41+00:00","breadcrumb":{"@id":"https:\/\/vicentecontador.com\/en\/biography\/#breadcrumb"},"inLanguage":"en-US","potentialAction":[{"@type":"ReadAction","target":["https:\/\/vicentecontador.com\/en\/biography\/"]}]},{"@type":"ImageObject","inLanguage":"en-US","@id":"https:\/\/vicentecontador.com\/en\/biography\/#primaryimage","url":"https:\/\/vicentecontador.com\/wp-content\/uploads\/2023\/11\/vicente-6-saxo-762x1024.webp","contentUrl":"https:\/\/vicentecontador.com\/wp-content\/uploads\/2023\/11\/vicente-6-saxo-762x1024.webp"},{"@type":"BreadcrumbList","@id":"https:\/\/vicentecontador.com\/en\/biography\/#breadcrumb","itemListElement":[{"@type":"ListItem","position":1,"name":"Portada","item":"https:\/\/vicentecontador.com\/en\/"},{"@type":"ListItem","position":2,"name":"Biography"}]},{"@type":"WebSite","@id":"https:\/\/vicentecontador.com\/en\/#website","url":"https:\/\/vicentecontador.com\/en\/","name":"Vicente Contador","description":"","publisher":{"@id":"https:\/\/vicentecontador.com\/en\/#\/schema\/person\/55ffa48a549f17b79b9efcced6ede051"},"potentialAction":[{"@type":"SearchAction","target":{"@type":"EntryPoint","urlTemplate":"https:\/\/vicentecontador.com\/en\/?s={search_term_string}"},"query-input":{"@type":"PropertyValueSpecification","valueRequired":true,"valueName":"search_term_string"}}],"inLanguage":"en-US"},{"@type":["Person","Organization"],"@id":"https:\/\/vicentecontador.com\/en\/#\/schema\/person\/55ffa48a549f17b79b9efcced6ede051","name":"Vicente Contador","image":{"@type":"ImageObject","inLanguage":"en-US","@id":"https:\/\/vicentecontador.com\/wp-content\/uploads\/2023\/11\/logo-negativo-copia.svg","url":"https:\/\/vicentecontador.com\/wp-content\/uploads\/2023\/11\/logo-negativo-copia.svg","contentUrl":"https:\/\/vicentecontador.com\/wp-content\/uploads\/2023\/11\/logo-negativo-copia.svg","width":137,"height":87,"caption":"Vicente Contador"},"logo":{"@id":"https:\/\/vicentecontador.com\/wp-content\/uploads\/2023\/11\/logo-negativo-copia.svg"},"sameAs":["https:\/\/vicentecontador.com\/"]}]}},"_links":{"self":[{"href":"https:\/\/vicentecontador.com\/en\/wp-json\/wp\/v2\/pages\/490","targetHints":{"allow":["GET"]}}],"collection":[{"href":"https:\/\/vicentecontador.com\/en\/wp-json\/wp\/v2\/pages"}],"about":[{"href":"https:\/\/vicentecontador.com\/en\/wp-json\/wp\/v2\/types\/page"}],"author":[{"embeddable":true,"href":"https:\/\/vicentecontador.com\/en\/wp-json\/wp\/v2\/users\/1"}],"replies":[{"embeddable":true,"href":"https:\/\/vicentecontador.com\/en\/wp-json\/wp\/v2\/comments?post=490"}],"version-history":[{"count":12,"href":"https:\/\/vicentecontador.com\/en\/wp-json\/wp\/v2\/pages\/490\/revisions"}],"predecessor-version":[{"id":1163,"href":"https:\/\/vicentecontador.com\/en\/wp-json\/wp\/v2\/pages\/490\/revisions\/1163"}],"wp:attachment":[{"href":"https:\/\/vicentecontador.com\/en\/wp-json\/wp\/v2\/media?parent=490"}],"curies":[{"name":"wp","href":"https:\/\/api.w.org\/{rel}","templated":true}]}}